{"id":2558,"date":"2022-06-27T11:06:15","date_gmt":"2022-06-27T09:06:15","guid":{"rendered":"https:\/\/emoveogroup.pl\/?page_id=2558"},"modified":"2022-06-27T11:18:10","modified_gmt":"2022-06-27T09:18:10","slug":"newsletter","status":"publish","type":"page","link":"https:\/\/emoveogroup.pl\/index.php\/newsletter\/","title":{"rendered":"Newsletter"},"content":{"rendered":"<div data-colibri-id=\"2558-c1\" class=\"style-1786 style-local-2558-c1 position-relative\">\n  <!---->\n  <div data-colibri-component=\"section\" data-colibri-id=\"2558-c2\" id=\"custom\" class=\"h-section h-section-global-spacing d-flex align-items-lg-center align-items-md-center align-items-center style-1787 style-local-2558-c2 position-relative\">\n    <!---->\n    <!---->\n    <div class=\"h-section-grid-container h-section-boxed-container\">\n      <!---->\n      <div data-colibri-id=\"2558-c9\" class=\"h-row-container gutters-row-lg-2 gutters-row-md-2 gutters-row-0 gutters-row-v-lg-2 gutters-row-v-md-2 gutters-row-v-2 style-1794 style-local-2558-c9 position-relative\">\n        <!---->\n        <div class=\"h-row justify-content-lg-center justify-content-md-center justify-content-center align-items-lg-stretch align-items-md-stretch align-items-stretch gutters-col-lg-2 gutters-col-md-2 gutters-col-0 gutters-col-v-lg-2 gutters-col-v-md-2 gutters-col-v-2\">\n          <!---->\n          <div class=\"h-column h-column-container d-flex h-col-lg-auto h-col-md-auto h-col-auto style-1795-outer style-local-2558-c10-outer\">\n            <div data-colibri-id=\"2558-c10\" class=\"d-flex h-flex-basis h-column__inner h-px-lg-2 h-px-md-2 h-px-2 v-inner-lg-2 v-inner-md-2 v-inner-2 style-1795 style-local-2558-c10 position-relative\">\n              <!---->\n              <!---->\n              <div class=\"w-100 h-y-container h-column__content h-column__v-align flex-basis-100 align-self-lg-start align-self-md-start align-self-start\">\n                <!---->\n                <div data-colibri-id=\"2558-c11\" class=\"h-text h-text-component style-1796 style-local-2558-c11 position-relative h-element\">\n                  <!---->\n                  <!---->\n                  <div class=\"\">\n                    <p>Zapraszamy do&nbsp;zapisania si\u0119 do naszego NEWSLETTERA, gdzie, nie&nbsp;cz\u0119\u015bciej&nbsp;ni\u017c 2 razy w miesi\u0105cu, inspirujemy naszych&nbsp;Klient\u00f3w, aby realizowali cele&nbsp;zwi\u0105zane z motywacj\u0105 i budowaniem zaanga\u017cowania Klient\u00f3w i pracownik\u00f3w,\n                      a tak\u017ce edukujemy w zakresie&nbsp;zr\u00f3wnowa\u017conego&nbsp;podr\u00f3\u017cowania, odpowiedzialnych&nbsp;Event\u00f3w&nbsp;i konferencji. Zapisz si\u0119 i b\u0105d\u017a z nami na bie\u017c\u0105co.<\/p>\n                  <\/div>\n                <\/div>\n              <\/div>\n            <\/div>\n          <\/div>\n        <\/div>\n      <\/div>\n      <div data-colibri-id=\"2558-c3\" class=\"h-row-container gutters-row-lg-2 gutters-row-md-2 gutters-row-0 gutters-row-v-lg-2 gutters-row-v-md-2 gutters-row-v-2 style-1788 style-local-2558-c3 position-relative\">\n        <!---->\n        <div class=\"h-row justify-content-lg-center justify-content-md-center justify-content-center align-items-lg-stretch align-items-md-stretch align-items-stretch gutters-col-lg-2 gutters-col-md-2 gutters-col-0 gutters-col-v-lg-2 gutters-col-v-md-2 gutters-col-v-2\">\n          <!---->\n          <div class=\"h-column h-column-container d-flex h-col-lg-auto h-col-md-auto h-col-auto style-1789-outer style-local-2558-c4-outer\">\n            <div data-colibri-id=\"2558-c4\" class=\"d-flex h-flex-basis h-column__inner h-ui-empty-state-container h-px-lg-2 h-px-md-2 h-px-2 v-inner-lg-2 v-inner-md-2 v-inner-2 style-1789 style-local-2558-c4 position-relative\">\n              <!---->\n              <!---->\n              <div class=\"w-100 h-y-container h-column__content h-column__v-align flex-basis-100\">\n                <!---->\n              <\/div>\n            <\/div>\n          <\/div>\n          <div class=\"h-column h-column-container d-flex h-col-lg-auto h-col-md-auto h-col-auto style-1790-outer style-local-2558-c5-outer\">\n            <div data-colibri-id=\"2558-c5\" class=\"d-flex h-flex-basis h-column__inner h-px-lg-2 h-px-md-2 h-px-2 v-inner-lg-2 v-inner-md-2 v-inner-2 style-1790 style-local-2558-c5 position-relative\">\n              <!---->\n              <!---->\n              <div class=\"w-100 h-y-container h-column__content h-column__v-align flex-basis-100 align-self-lg-start align-self-md-start align-self-start\">\n                <!---->\n                <div data-colibri-id=\"2558-c6\" class=\"h-newsletter submit-button--inline-lg submit-button--inline-md submit-button--below colibri-newsletter-email--custom-lg colibri-newsletter-email--custom-md colibri-newsletter-email--custom style-1793 style-local-2558-c6 position-relative h-element\">\n                  <!---->\n                  <div class=\"h-newsletter__shortcode h-global-transition h-global-transition-all h-global-transition-all\"><div class=\"forminator-ui forminator-custom-form forminator-custom-form-1814 forminator-design--flat  forminator_ajax\" data-forminator-render=\"0\" data-form=\"forminator-module-1814\" data-uid=\"69d32ce22fb00\"><br\/><\/div><form\n\t\t\t\tid=\"forminator-module-1814\"\n\t\t\t\tclass=\"forminator-ui forminator-custom-form forminator-custom-form-1814 forminator-design--flat  forminator_ajax\"\n\t\t\t\tmethod=\"post\"\n\t\t\t\tdata-forminator-render=\"0\"\n\t\t\t\tdata-form-id=\"1814\"\n\t\t\t\t data-color-option=\"default\" data-design=\"flat\" data-grid=\"open\" style=\"display: none;\"\n\t\t\t\tdata-uid=\"69d32ce22fb00\"\n\t\t\t><div role=\"alert\" aria-live=\"polite\" class=\"forminator-response-message forminator-error\" aria-hidden=\"true\"><\/div><div class=\"forminator-row\"><div id=\"name-1\" class=\"forminator-field-name forminator-col forminator-col-6 \"><div class=\"forminator-field\"><label for=\"forminator-field-name-1_69d32ce22fb00\" id=\"forminator-field-name-1_69d32ce22fb00-label\" class=\"forminator-label\">Imi\u0119 <span class=\"forminator-required\">*<\/span><\/label><input type=\"text\" name=\"name-1\" value=\"\" placeholder=\"Imi\u0119\" id=\"forminator-field-name-1_69d32ce22fb00\" class=\"forminator-input forminator-name--field\" aria-required=\"true\" autocomplete=\"name\" \/><\/div><\/div><div id=\"name-2\" class=\"forminator-field-name forminator-col forminator-col-6 \"><div class=\"forminator-field\"><label for=\"forminator-field-name-2_69d32ce22fb00\" id=\"forminator-field-name-2_69d32ce22fb00-label\" class=\"forminator-label\">Nazwisko <span class=\"forminator-required\">*<\/span><\/label><input type=\"text\" name=\"name-2\" value=\"\" placeholder=\"Nazwisko\" id=\"forminator-field-name-2_69d32ce22fb00\" class=\"forminator-input forminator-name--field\" aria-required=\"true\" autocomplete=\"name\" \/><\/div><\/div><\/div><div class=\"forminator-row\"><div id=\"email-1\" class=\"forminator-field-email forminator-col forminator-col-12 \"><div class=\"forminator-field\"><label for=\"forminator-field-email-1_69d32ce22fb00\" id=\"forminator-field-email-1_69d32ce22fb00-label\" class=\"forminator-label\">Adres E-mail <span class=\"forminator-required\">*<\/span><\/label><input type=\"email\" name=\"email-1\" value=\"\" placeholder=\"Adres E-mail\" id=\"forminator-field-email-1_69d32ce22fb00\" class=\"forminator-input forminator-email--field\" data-required=\"true\" aria-required=\"true\" autocomplete=\"email\" \/><\/div><\/div><\/div><div class=\"forminator-row\"><div id=\"checkbox-1\" class=\"forminator-field-checkbox forminator-col forminator-col-12 \"><div role=\"group\" class=\"forminator-field required\" aria-labelledby=\"forminator-checkbox-group-forminator-field-checkbox-1-69d32ce22fb00-label\"><label id=\"forminator-field-checkbox-1-1-69d32ce22fb00-label\" for=\"forminator-field-checkbox-1-1-69d32ce22fb00\" class=\"forminator-checkbox\" title=\"Wyra\u017cam zgod\u0119 na otrzymywanie newslettera i informacji handlowych od EMOVEO GROUP Sp. z o.o.\"><input type=\"checkbox\" name=\"checkbox-1[]\" value=\"Wyra\u017cam-zgod\u0119-na-otrzymywanie-newslettera-i-informacji-handlowych-od-EMOVEO-GROUP-Sp.-z-o.o.\" id=\"forminator-field-checkbox-1-1-69d32ce22fb00\" aria-labelledby=\"forminator-field-checkbox-1-1-69d32ce22fb00-label\" data-calculation=\"0\"   aria-describedby=\"forminator-field-checkbox-1-69d32ce22fb00-description\"\/><span class=\"forminator-checkbox-box\" aria-hidden=\"true\"><\/span><span class=\"forminator-checkbox-label\">Wyra\u017cam zgod\u0119 na otrzymywanie newslettera i informacji handlowych od EMOVEO GROUP Sp. z o.o.<\/span><\/label><span id=\"forminator-field-checkbox-1-69d32ce22fb00-description\" class=\"forminator-description\">Zgoda jest dobrowolna. Mam prawo cofn\u0105\u0107 zgod\u0119 w ka\u017cdym czasie (dane przetwarzane s\u0105 do czasu cofni\u0119cia zgody). Mam prawo dost\u0119pu do danych, sprostowania, usuni\u0119cia lub ograniczenia przetwarzania, prawo sprzeciwu, prawo wniesienia skargi do organu nadzorczego lub przeniesienia danych. Administratorem jest EMOVEO GROUP Sp. z o.o. z siedzib\u0105 w Warszawie, ul. Chmielna 2\/31. Administrator przetwarza dane zgodnie z Polityk\u0105 Prywatno\u015bci.<\/span><\/div><\/div><\/div><div class=\"forminator-row\" style=\"margin: 0;\"><div id=\"captcha-1\" class=\"forminator-field-captcha  forminator-col-12 \"><div class=\"forminator-captcha-left forminator-g-recaptcha recaptcha-invisible\" data-theme=\"light\" data-badge=\"bottomright\" data-sitekey=\"6LefCfYiAAAAAIRp6n0ASuuKNbHr0aQo270ulavL\" data-size=\"invisible\"><\/div> <\/div><\/div><input type=\"hidden\" name=\"referer_url\" value=\"\" \/><div class=\"forminator-row forminator-row-last\"><div class=\"forminator-col\"><div class=\"forminator-field\"><button class=\"forminator-button forminator-button-submit\">Zapisz si\u0119<\/button><\/div><\/div><\/div><input type=\"hidden\" id=\"forminator_nonce\" name=\"forminator_nonce\" value=\"ca71fa94dd\" \/><input type=\"hidden\" name=\"_wp_http_referer\" value=\"\/index.php\/wp-json\/wp\/v2\/pages\/2558\" \/><input type=\"hidden\" name=\"form_id\" value=\"1814\"><input type=\"hidden\" name=\"page_id\" value=\"2558\"><input type=\"hidden\" name=\"form_type\" value=\"default\"><input type=\"hidden\" name=\"current_url\" value=\"https:\/\/emoveogroup.pl\/index.php\/newsletter\/\"><input type=\"hidden\" name=\"render_id\" value=\"0\"><input type=\"hidden\" name=\"action\" value=\"forminator_submit_form_custom-forms\"><\/form><\/div>\n                  <div class=\"d-none\">\n                    <div class=\"mc4wp-alert mc4wp-success\">\n                      <p>This is a success preview text.<\/p>\n                    <\/div>\n                    <div class=\"mc4wp-alert mc4wp-error\">\n                      <p>This is a error preview text.<\/p>\n                    <\/div>\n                  <\/div>\n                <\/div>\n              <\/div>\n            <\/div>\n          <\/div>\n          <div class=\"h-column h-column-container d-flex h-col-lg-auto h-col-md-auto h-col-auto style-1791-outer style-local-2558-c8-outer\">\n            <div data-colibri-id=\"2558-c8\" class=\"d-flex h-flex-basis h-column__inner h-ui-empty-state-container h-px-lg-2 h-px-md-2 h-px-2 v-inner-lg-2 v-inner-md-2 v-inner-2 style-1791 style-local-2558-c8 position-relative\">\n              <!---->\n              <!---->\n              <div class=\"w-100 h-y-container h-column__content h-column__v-align flex-basis-100\">\n                <!---->\n              <\/div>\n            <\/div>\n          <\/div>\n        <\/div>\n      <\/div>\n    <\/div>\n  <\/div>\n<\/div>","protected":false},"excerpt":{"rendered":"<p>Zapraszamy do&nbsp;zapisania si\u0119 do naszego NEWSLETTERA, gdzie, nie&nbsp;cz\u0119\u015bciej&nbsp;ni\u017c 2 razy w miesi\u0105cu, inspirujemy naszych&nbsp;Klient\u00f3w, aby realizowali cele&nbsp;zwi\u0105zane z motywacj\u0105 i budowaniem zaanga\u017cowania Klient\u00f3w i pracownik\u00f3w, a tak\u017ce edukujemy w zakresie&nbsp;zr\u00f3wnowa\u017conego&nbsp;podr\u00f3\u017cowania, odpowiedzialnych&nbsp;Event\u00f3w&nbsp;i konferencji. Zapisz si\u0119 i b\u0105d\u017a z nami na bie\u017c\u0105co. This is a success preview text. This is a error preview text.<\/p>\n","protected":false},"author":3,"featured_media":0,"parent":0,"menu_order":0,"comment_status":"closed","ping_status":"closed","template":"page-templates\/full-width-page.php","meta":{"om_disable_all_campaigns":false,"_monsterinsights_skip_tracking":false,"_monsterinsights_sitenote_active":false,"_monsterinsights_sitenote_note":"","_monsterinsights_sitenote_category":0,"footnotes":""},"class_list":["post-2558","page","type-page","status-publish","hentry"],"aioseo_notices":[],"_links":{"self":[{"href":"https:\/\/emoveogroup.pl\/index.php\/wp-json\/wp\/v2\/pages\/2558","targetHints":{"allow":["GET"]}}],"collection":[{"href":"https:\/\/emoveogroup.pl\/index.php\/wp-json\/wp\/v2\/pages"}],"about":[{"href":"https:\/\/emoveogroup.pl\/index.php\/wp-json\/wp\/v2\/types\/page"}],"author":[{"embeddable":true,"href":"https:\/\/emoveogroup.pl\/index.php\/wp-json\/wp\/v2\/users\/3"}],"replies":[{"embeddable":true,"href":"https:\/\/emoveogroup.pl\/index.php\/wp-json\/wp\/v2\/comments?post=2558"}],"version-history":[{"count":6,"href":"https:\/\/emoveogroup.pl\/index.php\/wp-json\/wp\/v2\/pages\/2558\/revisions"}],"predecessor-version":[{"id":2586,"href":"https:\/\/emoveogroup.pl\/index.php\/wp-json\/wp\/v2\/pages\/2558\/revisions\/2586"}],"wp:attachment":[{"href":"https:\/\/emoveogroup.pl\/index.php\/wp-json\/wp\/v2\/media?parent=2558"}],"curies":[{"name":"wp","href":"https:\/\/api.w.org\/{rel}","templated":true}]}}