{"id":408,"date":"2021-06-24T11:45:59","date_gmt":"2021-06-24T09:45:59","guid":{"rendered":"https:\/\/emoveogroup.pl\/?page_id=408"},"modified":"2023-04-03T12:59:05","modified_gmt":"2023-04-03T10:59:05","slug":"o-emoveo-group","status":"publish","type":"page","link":"https:\/\/emoveogroup.pl\/index.php\/o-emoveo-group\/","title":{"rendered":"O EMOVEO GROUP"},"content":{"rendered":"<div data-colibri-id=\"408-c1\" class=\"style-1090 style-local-408-c1 position-relative\">\n  <!---->\n  <div data-colibri-component=\"section\" data-colibri-id=\"408-c2\" id=\"about-2\" class=\"h-section h-section-global-spacing d-flex align-items-lg-center align-items-md-center align-items-center style-1091 style-local-408-c2 position-relative\">\n    <!---->\n    <!---->\n    <div class=\"h-section-grid-container h-section-boxed-container\">\n      <!---->\n      <div data-colibri-id=\"408-c3\" class=\"h-row-container gutters-row-lg-0 gutters-row-md-0 gutters-row-0 gutters-row-v-lg-0 gutters-row-v-md-0 gutters-row-v-0 style-1092 style-local-408-c3 position-relative\">\n        <!---->\n        <div class=\"h-row justify-content-lg-center justify-content-md-center justify-content-center align-items-lg-stretch align-items-md-stretch align-items-stretch gutters-col-lg-0 gutters-col-md-0 gutters-col-0 gutters-col-v-lg-0 gutters-col-v-md-0 gutters-col-v-0\">\n          <!---->\n          <div class=\"h-column h-column-container d-flex h-col-lg-auto h-col-md-auto h-col-auto style-1093-outer style-local-408-c4-outer\">\n            <div data-colibri-id=\"408-c4\" class=\"d-flex h-flex-basis h-column__inner h-px-lg-0 h-px-md-0 h-px-0 v-inner-lg-0 v-inner-md-0 v-inner-0 style-1093 style-local-408-c4 position-relative\">\n              <!---->\n              <!---->\n              <div class=\"w-100 h-y-container h-column__content h-column__v-align flex-basis-100 align-self-lg-center align-self-md-center align-self-end\">\n                <!---->\n                <div data-colibri-id=\"408-c5\" data-aos=\"fadeInUp\" class=\"d-block style-1094 style-local-408-c5 position-relative h-element\">\n                  <!---->\n                  <div class=\"h-image__frame-container-outer\">\n                    <div class=\"h-image__frame-container\">\n                      <!---->\n                      <!---->\n                      <img loading=\"lazy\" decoding=\"async\" width=\"1351\" height=\"1709\" src=\"http:\/\/emoveogroup.pl\/wp-content\/uploads\/2021\/06\/cropped-cropped-AdobeStock_280326949-scaled-2.jpeg\" class=\"wp-image-1427 style-1094-image style-local-408-c5-image\" alt=\"\" srcset=\"https:\/\/emoveogroup.pl\/wp-content\/uploads\/2021\/06\/cropped-cropped-AdobeStock_280326949-scaled-2.jpeg 1351w, https:\/\/emoveogroup.pl\/wp-content\/uploads\/2021\/06\/cropped-cropped-AdobeStock_280326949-scaled-2-1214x1536.jpeg 1214w\" sizes=\"auto, (max-width: 1351px) 100vw, 1351px\" \/>\n                      <div class=\"h-image__frame h-hide-lg h-hide-md h-hide-sm style-1094-frameImage style-local-408-c5-frameImage\"><\/div>\n                    <\/div>\n                  <\/div>\n                <\/div>\n              <\/div>\n            <\/div>\n          <\/div>\n          <div data-aos=\"rotateInUpRight\" class=\"h-column h-column-container d-flex h-col-lg h-col-md h-col-auto style-1095-outer style-local-408-c6-outer\">\n            <div data-colibri-id=\"408-c6\" class=\"d-flex h-flex-basis h-column__inner h-px-lg-0 h-px-md-0 h-px-0 v-inner-lg-0 v-inner-md-0 v-inner-0 style-1095 style-local-408-c6 position-relative\">\n              <!---->\n              <!---->\n              <div class=\"w-100 h-y-container h-column__content h-column__v-align flex-basis-100 align-self-lg-start align-self-md-start align-self-start\">\n                <!---->\n                <div data-colibri-id=\"408-c7\" class=\"h-global-transition-all h-heading style-1096 style-local-408-c7 position-relative h-element\">\n                  <!---->\n                  <div class=\"h-heading__outer style-1096 style-local-408-c7\">\n                    <!---->\n                    <!---->\n                    <h5 class=\"\">PozNAJ NAS<\/h5>\n                  <\/div>\n                <\/div>\n                <div data-colibri-id=\"408-c8\" class=\"h-global-transition-all h-heading style-1097 style-local-408-c8 position-relative h-element\">\n                  <!---->\n                  <div class=\"h-heading__outer style-1097 style-local-408-c8\">\n                    <!---->\n                    <!---->\n                    <h2 class=\"\"><span style=\"color: rgb(14, 12, 22);\">Tworzymy&nbsp;<\/span><em style=\"font-family: &quot;Playfair Display&quot;; color: rgb(247, 144, 7);\"><br><\/em><em style=\"font-family: &quot;Playfair Display&quot;; color: rgb(201, 36, 128);\">warto\u015b\u0107<\/em>\n                      <em\n                        style=\"font-family: &quot;Playfair Display&quot;; color: rgb(247, 144, 7);\">&nbsp;<\/em>\n                        <br>wyzwalaj\u0105c pozytywne emocje&nbsp;<em style=\"font-family: &quot;Playfair Display&quot;; color: rgb(247, 144, 7);\"><br><\/em><em style=\"font-family: &quot;Playfair Display&quot;; color: rgb(201, 36, 128);\">w ludziach<\/em><\/h2>\n                  <\/div>\n                <\/div>\n                <div data-colibri-id=\"408-c9\" data-aos=\"slideInRight\" class=\"h-text h-text-component style-1098 style-local-408-c9 position-relative h-element\">\n                  <!---->\n                  <!---->\n                  <div class=\"\">\n                    <p>Bez pasji, kt\u00f3ra rodzi profesjonalizm, nie zyskaliby\u015bmy zaufania i uznania w\u015br\u00f3d naszych Klient\u00f3w.&nbsp;Od ponad 20 lat wspieramy ich dzia\u0142ania marketingowe i sprzeda\u017cowe,&nbsp;anga\u017cujemy zespo\u0142y, motywujemy do jeszcze lepszej pracy\n                      i rozwoju. Nie by\u0142oby to mo\u017cliwe, gdyby\u015bmy sami nie byli zaanga\u017cowani, nie p\u0142on\u0119li ogniem motywacji, nie dopasowywali si\u0119 do aktualnej sytuacji, nie \u015bledzili \u015bwiatowych trend\u00f3w.&nbsp;W popandemicznej rzeczywisto\u015bci, jeszcze bardziej\n                      ni\u017c zwykle, skupiamy si\u0119 na holistycznym podej\u015bciu do dobrostanu uczestnik\u00f3w naszych program\u00f3w, pracownik\u00f3w i partner\u00f3w biznesowych, wplataj\u0105c w nasze&nbsp;programy elementy wellbeing.<\/p>\n                  <\/div>\n                <\/div>\n              <\/div>\n            <\/div>\n          <\/div>\n        <\/div>\n      <\/div>\n    <\/div>\n  <\/div>\n  <div data-colibri-component=\"section\" data-colibri-id=\"408-c14\" id=\"about-3\" class=\"h-section h-section-global-spacing d-flex align-items-lg-center align-items-md-center align-items-center style-1111 style-local-408-c14 position-relative\">\n    <!---->\n    <!---->\n    <div class=\"h-section-grid-container h-section-boxed-container\">\n      <!---->\n      <div data-colibri-id=\"408-c15\" class=\"h-row-container gutters-row-lg-2 gutters-row-md-2 gutters-row-2 gutters-row-v-lg-2 gutters-row-v-md-2 gutters-row-v-2 style-1112 style-local-408-c15 position-relative\">\n        <!---->\n        <div class=\"h-row justify-content-lg-center justify-content-md-center justify-content-center align-items-lg-stretch align-items-md-stretch align-items-stretch gutters-col-lg-2 gutters-col-md-2 gutters-col-2 gutters-col-v-lg-2 gutters-col-v-md-2 gutters-col-v-2\">\n          <!---->\n          <div class=\"h-column h-column-container d-flex h-col-lg-auto h-col-md-auto h-col-auto style-1113-outer style-local-408-c16-outer\">\n            <div data-colibri-id=\"408-c16\" class=\"d-flex h-flex-basis h-column__inner h-px-lg-2 h-px-md-2 h-px-2 v-inner-lg-2 v-inner-md-2 v-inner-2 style-1113 style-local-408-c16 position-relative\">\n              <!---->\n              <!---->\n              <div class=\"w-100 h-y-container h-column__content h-column__v-align flex-basis-100 align-self-lg-center align-self-md-center align-self-center\">\n                <!---->\n                <div data-colibri-id=\"408-c17\" class=\"h-global-transition-all h-heading style-1097 style-local-408-c17 position-relative h-element\">\n                  <!---->\n                  <div class=\"h-heading__outer style-1097 style-local-408-c17\">\n                    <!---->\n                    <!---->\n                    <h2 class=\"\">Si\u0142a naszego&nbsp;&nbsp;<em style=\"font-family: &quot;Playfair Display&quot;; color: rgb(201, 36, 128);\">zespo\u0142u<\/em> to&nbsp;<em style=\"font-family: &quot;Playfair Display&quot;; color: rgb(201, 36, 128);\">wyj\u0105tkowi<\/em><em style=\"font-family: &quot;Playfair Display&quot;; color: rgb(247, 144, 7);\">&nbsp;<\/em>                      ludzie<\/h2>\n                  <\/div>\n                <\/div>\n                <div data-colibri-id=\"408-c18\" data-aos=\"fadeIn\" class=\"h-lead h-text h-text-component style-1114 style-local-408-c18 position-relative h-element\">\n                  <!---->\n                  <!---->\n                  <div class=\"\">\n                    <p>Niezwykli profesjonali\u015bci, z kt\u00f3rymi mo\u017cna si\u0119ga\u0107 gwiazd!<\/p>\n                  <\/div>\n                <\/div>\n                <div data-colibri-id=\"408-c19\" data-aos=\"fadeInLeft\" class=\"h-text h-text-component style-1115 style-local-408-c19 position-relative h-element\">\n                  <!---->\n                  <!---->\n                  <div class=\"\">\n                    <p>Suma wieloletnich i nietuzinkowych do\u015bwiadcze\u0144,&nbsp;talent\u00f3w, kompetencji,&nbsp;nieograniczona ilo\u015b\u0107 pomys\u0142\u00f3w i rozwi\u0105za\u0144, determinacja w &#8222;dowo\u017ceniu&#8221; projekt\u00f3w, zas\u0142u\u017cony profesjonalizm. Po\u0142\u0105czone z si\u0142\u0105 pozytywnej energii, perfekcyjnym\n                      client service,&nbsp;dawk\u0105 \u017cyczliwo\u015bci, dobrego humoru, zaufania i wiary w zespo\u0142owe dzia\u0142anie,&nbsp;sprawiaj\u0105, \u017ce nasi Klienci ceni\u0105 sobie wsp\u00f3\u0142prac\u0119 z nami, opartej na partnerskiej dojrza\u0142o\u015bci biznesowej.&nbsp;<\/p>\n                    <p>Z tym zespo\u0142em mo\u017cemy zrealizowa\u0107 ka\u017cde, nawet najtrudniejsze zadanie.&nbsp;<\/p>\n                    <p>\n                      <br>\n                    <\/p>\n                  <\/div>\n                <\/div>\n              <\/div>\n            <\/div>\n          <\/div>\n          <div class=\"h-column h-column-container d-flex h-col-lg-auto h-col-md-auto h-col-auto style-1116-outer style-local-408-c20-outer\">\n            <div data-colibri-id=\"408-c20\" class=\"d-flex h-flex-basis h-column__inner h-px-lg-2 h-px-md-2 h-px-2 v-inner-lg-2 v-inner-md-2 v-inner-2 style-1116 style-local-408-c20 position-relative\">\n              <!---->\n              <!---->\n              <div class=\"w-100 h-y-container h-column__content h-column__v-align flex-basis-100 align-self-lg-center align-self-md-center align-self-center\">\n                <!---->\n                <div data-colibri-id=\"408-c21\" class=\"h-multiple-image style-1117 style-local-408-c21 position-relative h-element\">\n                  <!---->\n                  <div class=\"position-relative\">\n                    <div class=\"h-multiple-image-inside-container\">\n                      <div class=\"ratio-inner\">\n                        <div data-colibri-id=\"408-c22\" class=\"d-block style-1118 style-local-408-c22 position-relative h-element\">\n                          <!---->\n                          <div class=\"h-image__frame-container-outer\">\n                            <div class=\"h-image__frame-container\">\n                              <!---->\n                              <!---->\n                              <img loading=\"lazy\" decoding=\"async\" width=\"1540\" height=\"1440\" src=\"http:\/\/emoveogroup.pl\/wp-content\/uploads\/2021\/06\/cropped-AdobeStock_263813801-scaled-3.jpeg\" class=\"style-1117-images style-local-408-c21-images wp-image-1178 style-1118-image style-local-408-c22-image\" alt=\"\" srcset=\"https:\/\/emoveogroup.pl\/wp-content\/uploads\/2021\/06\/cropped-AdobeStock_263813801-scaled-3.jpeg 1540w, https:\/\/emoveogroup.pl\/wp-content\/uploads\/2021\/06\/cropped-AdobeStock_263813801-scaled-3-1536x1436.jpeg 1536w\" sizes=\"auto, (max-width: 1540px) 100vw, 1540px\" \/>\n                              <div class=\"h-image__frame h-hide-lg h-hide-md h-hide-sm style-1118-frameImage style-local-408-c22-frameImage\"><\/div>\n                            <\/div>\n                          <\/div>\n                        <\/div>\n                        <div data-colibri-id=\"408-c23\" class=\"d-block style-1119 style-local-408-c23 position-relative h-element\">\n                          <!---->\n                          <div class=\"h-image__frame-container-outer\">\n                            <div class=\"h-image__frame-container\">\n                              <!---->\n                              <!---->\n                              <img loading=\"lazy\" decoding=\"async\" width=\"554\" height=\"1440\" src=\"http:\/\/emoveogroup.pl\/wp-content\/uploads\/2021\/06\/cropped-AdobeStock_263813801-scaled-1.jpeg\" class=\"style-1117-images style-local-408-c21-images wp-image-1176 style-1119-image style-local-408-c23-image\" alt=\"\" \/>\n                              <div class=\"h-image__frame h-hide-lg h-hide-md h-hide-sm style-1119-frameImage style-local-408-c23-frameImage\"><\/div>\n                            <\/div>\n                          <\/div>\n                        <\/div>\n                        <div data-colibri-id=\"408-c24\" class=\"d-block style-1120 style-local-408-c24 position-relative h-element\">\n                          <!---->\n                          <div class=\"h-image__frame-container-outer\">\n                            <div class=\"h-image__frame-container\">\n                              <!---->\n                              <!---->\n                              <img loading=\"lazy\" decoding=\"async\" width=\"2560\" height=\"1440\" src=\"http:\/\/emoveogroup.pl\/wp-content\/uploads\/2021\/06\/AdobeStock_263813801-scaled.jpeg\" class=\"style-1117-images style-local-408-c21-images wp-image-1174 style-1120-image style-local-408-c24-image\" alt=\"\" srcset=\"https:\/\/emoveogroup.pl\/wp-content\/uploads\/2021\/06\/AdobeStock_263813801-scaled.jpeg 2560w, https:\/\/emoveogroup.pl\/wp-content\/uploads\/2021\/06\/AdobeStock_263813801-1536x864.jpeg 1536w, https:\/\/emoveogroup.pl\/wp-content\/uploads\/2021\/06\/AdobeStock_263813801-2048x1152.jpeg 2048w\" sizes=\"auto, (max-width: 2560px) 100vw, 2560px\" \/>\n                              <div class=\"h-image__frame h-hide-lg h-hide-md h-hide-sm style-1120-frameImage style-local-408-c24-frameImage\"><\/div>\n                            <\/div>\n                          <\/div>\n                        <\/div>\n                        <div data-colibri-id=\"408-c25\" class=\"d-block style-1121 style-local-408-c25 position-relative h-element\">\n                          <!---->\n                          <div class=\"h-image__frame-container-outer\">\n                            <div class=\"h-image__frame-container\">\n                              <!---->\n                              <!---->\n                              <img loading=\"lazy\" decoding=\"async\" width=\"555\" height=\"780\" src=\"http:\/\/emoveogroup.pl\/wp-content\/uploads\/2021\/06\/cropped-AdobeStock_263813801-scaled-2.jpeg\" class=\"style-1117-images style-local-408-c21-images wp-image-1177 style-1121-image style-local-408-c25-image\" alt=\"\" \/>\n                              <div class=\"h-image__frame h-hide-lg h-hide-md h-hide-sm style-1121-frameImage style-local-408-c25-frameImage\"><\/div>\n                            <\/div>\n                          <\/div>\n                        <\/div>\n                        <div data-colibri-id=\"408-c26\" class=\"d-block style-1122 style-local-408-c26 position-relative h-element\">\n                          <!---->\n                          <div class=\"h-image__frame-container-outer\">\n                            <div class=\"h-image__frame-container\">\n                              <!---->\n                              <!---->\n                              <img loading=\"lazy\" decoding=\"async\" width=\"2559\" height=\"810\" src=\"http:\/\/emoveogroup.pl\/wp-content\/uploads\/2021\/06\/cropped-AdobeStock_263813801-scaled-4.jpeg\" class=\"style-1117-images style-local-408-c21-images wp-image-1179 style-1122-image style-local-408-c26-image\" alt=\"\" srcset=\"https:\/\/emoveogroup.pl\/wp-content\/uploads\/2021\/06\/cropped-AdobeStock_263813801-scaled-4.jpeg 2559w, https:\/\/emoveogroup.pl\/wp-content\/uploads\/2021\/06\/cropped-AdobeStock_263813801-scaled-4-1536x486.jpeg 1536w, https:\/\/emoveogroup.pl\/wp-content\/uploads\/2021\/06\/cropped-AdobeStock_263813801-scaled-4-2048x648.jpeg 2048w\" sizes=\"auto, (max-width: 2559px) 100vw, 2559px\" \/>\n                              <div class=\"h-image__frame h-hide-lg h-hide-md h-hide-sm style-1122-frameImage style-local-408-c26-frameImage\"><\/div>\n                            <\/div>\n                          <\/div>\n                        <\/div>\n                      <\/div>\n                    <\/div>\n                  <\/div>\n                <\/div>\n              <\/div>\n            <\/div>\n          <\/div>\n        <\/div>\n      <\/div>\n    <\/div>\n  <\/div>\n  <div data-colibri-component=\"section\" data-colibri-id=\"408-c27\" id=\"about\" class=\"h-section h-section-global-spacing d-flex align-items-lg-center align-items-md-center align-items-center style-1103 style-local-408-c27 position-relative\">\n    <!---->\n    <!---->\n    <div class=\"h-section-grid-container h-section-boxed-container\">\n      <!---->\n      <div data-colibri-id=\"408-c28\" class=\"h-row-container gutters-row-lg-2 gutters-row-md-2 gutters-row-2 gutters-row-v-lg-2 gutters-row-v-md-2 gutters-row-v-2 style-1104 style-local-408-c28 position-relative\">\n        <!---->\n        <div class=\"h-row justify-content-lg-center justify-content-md-center justify-content-center align-items-lg-stretch align-items-md-stretch align-items-stretch gutters-col-lg-2 gutters-col-md-2 gutters-col-2 gutters-col-v-lg-2 gutters-col-v-md-2 gutters-col-v-2\">\n          <!---->\n          <div class=\"h-column h-column-container d-flex h-col-lg-auto h-col-md-auto h-col-auto style-1105-outer style-local-408-c29-outer\">\n            <div data-colibri-id=\"408-c29\" class=\"d-flex h-flex-basis h-column__inner h-px-lg-2 h-px-md-2 h-px-2 v-inner-lg-2 v-inner-md-2 v-inner-2 style-1105 style-local-408-c29 position-relative\">\n              <!---->\n              <!---->\n              <div class=\"w-100 h-y-container h-column__content h-column__v-align flex-basis-100 align-self-lg-center align-self-md-center align-self-center\">\n                <!---->\n                <div data-colibri-id=\"408-c30\" class=\"h-global-transition-all h-heading style-1106 style-local-408-c30 position-relative h-element\">\n                  <!---->\n                  <div class=\"h-heading__outer style-1106 style-local-408-c30\">\n                    <!---->\n                    <!---->\n                    <h5 class=\"\">OPIERAMY SI\u0118 NA DO\u015aWIADCZENIU, WIEdzy\n                      <br>I rado\u015bci z tego, co tworzymy<\/h5>\n                  <\/div>\n                <\/div>\n                <div data-colibri-id=\"408-c31\" class=\"h-global-transition-all h-heading style-1107 style-local-408-c31 position-relative h-element\">\n                  <!---->\n                  <div data-aos=\"zoomIn\" class=\"h-heading__outer style-1107 style-local-408-c31\">\n                    <!---->\n                    <!---->\n                    <h3 class=\"\"><span style=\"font-family: Lato; font-weight: 400;\">Beata Koziarska<\/span>\n                      <br>Managing Director &amp; CEO<\/h3>\n                  <\/div>\n                <\/div>\n                <div data-colibri-id=\"408-c32\" data-aos=\"fadeInLeft\" class=\"h-lead h-text h-text-component style-1108 style-local-408-c32 position-relative h-element\">\n                  <!---->\n                  <!---->\n                  <div class=\"\">\n                    <p>Od 25 lat zwi\u0105zana z turystyk\u0105 biznesow\u0105 i motywacyjn\u0105, doradca, wszechstronny manager,&nbsp;praktyk biznesu z ogromnym do\u015bwiadczeniem. Przez lata, poznaj\u0105c specyfik\u0119 wielu bran\u017c, zajmowa\u0142a si\u0119 wsp\u00f3\u0142prac\u0105 z kluczowymi korporacyjnymi\n                      klientami i rozwijaniem kompetencji w zakresie M.I.C.E.,&nbsp;w&nbsp;mi\u0119dzynarodowym \u015brodowisku. Z r\u00f3wn\u0105 \u0142atwo\u015bci\u0105 i zaanga\u017cowaniem realizowa\u0142a oraz nadzorowa\u0142a nawet najbardziej wymagaj\u0105ce projekty w Polsce, jak i za granic\u0105. Nieustannie\n                      poszerza swoj\u0105 wiedz\u0119 bran\u017cow\u0105, poszukuje nowych rozwi\u0105za\u0144, fascynuje si\u0119 implementacj\u0105 nowoczesnych technologii w komunikacji marketingowej, a tak\u017ce story tellingiem w przygotowaniu warto\u015bciowego contentu. Zwiedzi\u0142a i zrealizowa\u0142a\n                      projekty w ponad 60 krajach, ma wiele miejsc na \u015bwiecie bliskie jej sercu, uwielbia poznawa\u0107 nowych , ciekawych ludzi, a tak\u017ce lokalne kulinaria.&nbsp;\n                      <br>Stawia na rozw\u00f3j sw\u00f3j i swoich zespo\u0142\u00f3w, a tak\u017ce szeroko poj\u0119t\u0105&nbsp;kreatywno\u015b\u0107.&nbsp;Posiada niespo\u017cyte pok\u0142ady energii, zara\u017aliwego u\u015bmiechu i pozytywnego nastawienia. Prywatnie, jest wolontariuszem organizacji prozwierz\u0119cych,\n                      domem tymczasowym dla ps\u00f3w i kot\u00f3w,&nbsp;pasjonatk\u0105 kuchni ro\u015blinnej, nauki j\u0119zyk\u00f3w obcych (obecnie uczy si\u0119 czwartego), a tak\u017ce medytacji mindfulness.&nbsp;<\/p>\n                  <\/div>\n                <\/div>\n              <\/div>\n            <\/div>\n          <\/div>\n          <div class=\"h-column h-column-container d-flex h-col-lg-auto h-col-md-auto h-col-auto style-1109-outer style-local-408-c33-outer\">\n            <div data-colibri-id=\"408-c33\" class=\"d-flex h-flex-basis h-column__inner h-px-lg-2 h-px-md-2 h-px-2 v-inner-lg-2 v-inner-md-2 v-inner-2 style-1109 style-local-408-c33 position-relative\">\n              <!---->\n              <!---->\n              <div class=\"w-100 h-y-container h-column__content h-column__v-align flex-basis-100 align-self-lg-center align-self-md-center align-self-center\">\n                <!---->\n                <div data-colibri-id=\"408-c34\" class=\"d-block style-1110 style-local-408-c34 position-relative h-element\">\n                  <!---->\n                  <div class=\"h-image__frame-container-outer\">\n                    <a href=\"https:\/\/www.studiofrida.com.pl\/\" h-use-smooth-scroll=\"true\" class=\"image-link\">\n                      <div class=\"h-image__frame-container\">\n                        <!---->\n                        <!---->\n                        <img loading=\"lazy\" decoding=\"async\" width=\"1707\" height=\"2560\" src=\"http:\/\/emoveogroup.pl\/wp-content\/uploads\/2021\/07\/cropped-zSFF_7383_1-scaled-1.jpg\" class=\"wp-image-1398 style-1110-image style-local-408-c34-image\" alt=\"\" srcset=\"https:\/\/emoveogroup.pl\/wp-content\/uploads\/2021\/07\/cropped-zSFF_7383_1-scaled-1.jpg 1707w, https:\/\/emoveogroup.pl\/wp-content\/uploads\/2021\/07\/cropped-zSFF_7383_1-scaled-1-1024x1536.jpg 1024w, https:\/\/emoveogroup.pl\/wp-content\/uploads\/2021\/07\/cropped-zSFF_7383_1-scaled-1-1366x2048.jpg 1366w\" sizes=\"auto, (max-width: 1707px) 100vw, 1707px\" \/>\n                        <div class=\"h-image__frame h-hide-sm style-1110-frameImage style-local-408-c34-frameImage\"><\/div>\n                      <\/div>\n                      <div class=\"style-1110-caption style-local-408-c34-caption\">\n                        fot. Studio Frida\n                      <\/div>\n                    <\/a>\n                  <\/div>\n                <\/div>\n              <\/div>\n            <\/div>\n          <\/div>\n        <\/div>\n      <\/div>\n    <\/div>\n  <\/div>\n<\/div>","protected":false},"excerpt":{"rendered":"<p>PozNAJ NAS Tworzymy&nbsp;warto\u015b\u0107 &nbsp; wyzwalaj\u0105c pozytywne emocje&nbsp;w ludziach Bez pasji, kt\u00f3ra rodzi profesjonalizm, nie zyskaliby\u015bmy zaufania i uznania w\u015br\u00f3d naszych Klient\u00f3w.&nbsp;Od ponad 20 lat wspieramy ich dzia\u0142ania marketingowe i sprzeda\u017cowe,&nbsp;anga\u017cujemy zespo\u0142y, motywujemy do jeszcze lepszej pracy i rozwoju. Nie by\u0142oby to mo\u017cliwe, gdyby\u015bmy sami nie byli zaanga\u017cowani, nie p\u0142on\u0119li ogniem motywacji, nie dopasowywali si\u0119 do [&hellip;]<\/p>\n","protected":false},"author":3,"featured_media":0,"parent":0,"menu_order":0,"comment_status":"closed","ping_status":"closed","template":"page-templates\/full-width-page.php","meta":{"om_disable_all_campaigns":false,"_monsterinsights_skip_tracking":false,"_monsterinsights_sitenote_active":false,"_monsterinsights_sitenote_note":"","_monsterinsights_sitenote_category":0,"footnotes":""},"class_list":["post-408","page","type-page","status-publish","hentry"],"aioseo_notices":[],"_links":{"self":[{"href":"https:\/\/emoveogroup.pl\/index.php\/wp-json\/wp\/v2\/pages\/408","targetHints":{"allow":["GET"]}}],"collection":[{"href":"https:\/\/emoveogroup.pl\/index.php\/wp-json\/wp\/v2\/pages"}],"about":[{"href":"https:\/\/emoveogroup.pl\/index.php\/wp-json\/wp\/v2\/types\/page"}],"author":[{"embeddable":true,"href":"https:\/\/emoveogroup.pl\/index.php\/wp-json\/wp\/v2\/users\/3"}],"replies":[{"embeddable":true,"href":"https:\/\/emoveogroup.pl\/index.php\/wp-json\/wp\/v2\/comments?post=408"}],"version-history":[{"count":20,"href":"https:\/\/emoveogroup.pl\/index.php\/wp-json\/wp\/v2\/pages\/408\/revisions"}],"predecessor-version":[{"id":3168,"href":"https:\/\/emoveogroup.pl\/index.php\/wp-json\/wp\/v2\/pages\/408\/revisions\/3168"}],"wp:attachment":[{"href":"https:\/\/emoveogroup.pl\/index.php\/wp-json\/wp\/v2\/media?parent=408"}],"curies":[{"name":"wp","href":"https:\/\/api.w.org\/{rel}","templated":true}]}}